{"id":5175,"date":"2021-11-02T17:54:29","date_gmt":"2021-11-02T16:54:29","guid":{"rendered":"https:\/\/www.hamertehnika.hr\/pravila-privatnosti\/"},"modified":"2021-11-06T21:10:40","modified_gmt":"2021-11-06T20:10:40","slug":"pravila-o-zasebnosti","status":"publish","type":"page","link":"https:\/\/www.hamertehnika.hr\/sl\/pravila-o-zasebnosti\/","title":{"rendered":"Pravila o zasebnosti"},"content":{"rendered":"<h2>PRAVILA O ZASEBNOSTI<\/h2>\n<p>&nbsp;<\/p>\n<p><strong> PRAVILA O ZASEBNOSTI \u2013 HAMER Tehnika d.o.o. (\u00bbIzjava\u00ab)<\/strong><\/p>\n<p>HAMER Tehnika d.o.o. zbira in obdeluje osebne podatke uporabnikov svojih storitev, obenem pa posve\u010da posebno pozornost njihovi ustrezni za\u0161\u010diti, zato da opravi\u010di in ohrani va\u0161e zaupanje.<\/p>\n<p>Osebni podatek je vsak podatek, ki se nana\u0161a na vas kot fizi\u010dno osebo, na podlagi katerega je bila utemeljena oziroma se lahko utemelji va\u0161a identiteta. V tej Izjavi so vam zagotovljene podrobne informacije o tem, zakaj in kako PODJETJE zbira in obdeluje va\u0161e osebne podatke, pod kak\u0161nimi pogoji in okoli\u0161\u010dinami ter kak\u0161ne pravice vam pripadajo glede va\u0161ih osebnih podatkov.<\/p>\n<p>Prosimo, pazljivo preberite to Izjavo, zato da se seznanite z vsemi relevantnimi informacijami glede ravnanja z va\u0161imi osebnimi podatki ter zato, da se popolnoma zavedate pravic, ki vam pripadajo na podlagi veljavne nacionalne in evropske zakonodaje.<\/p>\n<p>&nbsp;<\/p>\n<h4>Katere osebne podatke zbiramo in kako<\/h4>\n<p>Zbiramo le tiste osebne podatke, ki so nam prostovoljno posredovani. Ne pogojujemo dostopa do na\u0161ih spletnih strani z dostavo podatkov ter ne zahtevamo razkritja ve\u010d podatkov, kot je to potrebno za izvajanje naro\u010denih storitev. Dru\u017eba zbira naslednje osebne podatke: ime in priimek, firma in e-mail naslov. Podatke zbiramo preko kontaktnega obrazca na na\u0161i spletni strani <a href=\"https:\/\/www.hamertehnika.hr\/sl\/\">www.hamertehnika.hr<\/a> in neposredno na na\u0161em e-mail naslovu. Podatki, ki so \u00a0zahtevani v kontaktnem obrazcu ter vsi podatki, ki nam jih po\u0161ljete po e-mailu, bodo obdelani in shranjeni, zato da vas lahko kontaktiramo in odgovorimo na va\u0161e povpra\u0161evanje. Z izpolnjenim kontaktnim obrazcem na na\u0161i spletni strani oziroma z neposrednim kontaktom po elektronski po\u0161ti, zagotavljate, da so informacije, ki ste jih predlo\u017eili, to\u010dne ter da v celoti sogla\u0161ate z dolo\u010dbami na\u0161ih Pravil o zasebnosti ter v njih navedenih pogojih. Za zbiranje podatkov na spletni strani uporabljamo protokol https in varnostni certifikat (SSL) za enkripcijo podatkov med ra\u010dunalnikom in stre\u017enikom. V trenutku zagotovitve va\u0161ih osebnih podatkov sogla\u0161ate s kontaktom z nami ter nam dovoljujete, da vas vklju\u010dimo v svojo bazo podatkov, zato da uresni\u010dimo zahtevane storitve. To \u0161teje kot va\u0161e soglasje (privolitev) na kontakt.<\/p>\n<h4>Namen zbiranja osebnih podatkov<\/h4>\n<p>Podatke, ki jih zbiramo preko kontaktnega obrazca na na\u0161i spletni strani ali neposredno po e-mailu, uporabljamo, zato da vam odgovorimo na va\u0161e povpra\u0161evanje, izdelamo ponudbo za zahtevano storitev ter za ob\u010dasna obvestila v zvezi z na\u0161im poslovanjem. Osebne podatke zbiramo in obdelujemo izklju\u010dno za doseganje legitimnega poslovanja dru\u017ebe, jih ne prodajamo ali delimo s tretjimi osebami, jih ne obdelujemo na na\u010din, ki ni v skladu z namenom, za katerega so bili zbrani, razen na podlagi privolitve ali pa \u010de ne obstaja druga pravna podlaga, ki dolo\u010da druga\u010de (Zakon o prepre\u010devanju pranja denarja in financiranja terorizma, Zakon o delu, ipd.).<\/p>\n<h4>Kdo bo imel dostop do va\u0161ih podatkov<\/h4>\n<p>Va\u0161e pravice do za\u0161\u010dite osebnih podatkov so na\u0161a glavna prioriteta, zato bomo zagotovili, da se Va\u0161i podatki obdelujejo le na na\u010din, ki je v skladu z zgoraj omenjenim namenom. \u010ce je to \u00a0zaradi doseganja navedenega namena nujno, bo dostop do va\u0161ih podatkov imel: Zoran Ba\u010di\u0107, pravni zastopnik dru\u017ebe HAMER Tehnika d.o.o., e-mail: <strong>info@hamertehnika.hr<\/strong>.<\/p>\n<h4>Koliko \u010dasa bodo va\u0161i osebni podatki shranjeni<\/h4>\n<p>Zbrane podatke shranjujemo in obdelujemo le toliko, kolikor je to potrebno za uresni\u010ditev skupnega poslovnega sodelovanja, razen v primerih, ko zakon dolo\u010da druga\u010de.<\/p>\n<h4>Varnost osebnih podatkov<\/h4>\n<p>Da lahko zagotovimo varno shranjevanje va\u0161ih osebnih podatkov, izvajamo tehni\u010dne in organizacijske ukrepe, vklju\u010dno z za\u0161\u010dito pred nepoobla\u0161\u010deno ali nezakonito obdelavo ter nenamerno izgubo, uni\u010denjem ali po\u0161kodbo. Podatki, ki jih zbiramo preko kontaktnega obrazca na na\u0161i spletni strani, so za\u0161\u010diteni z varnostnim certifikatom (SSL). Za izmenjavo podatkov se osebni podatki \u0161ifrirajo ter so tako za\u0161\u010diteni pred morebitno krajo.<\/p>\n<h4>Uporaba pi\u0161kotkov<\/h4>\n<p>Za la\u017eje brskanje po na\u0161ih spletnih straneh na\u0161 stre\u017enik globalnega omre\u017eja uporablja pi\u0161kotke. Gre za zelo majhne besedilne datoteke, ki jih stre\u017enik namesti na ra\u010dunalnik uporabnika zaradi spremljanja posameznih jezikovnih razli\u010dic na\u0161ih strani tako kot ob vstopu v tiste dele strani, ki zahtevajo vnos uporabni\u0161kega imena in gesla. Pi\u0161kotki obi\u010dajno shranjujejo va\u0161e nastavitve za spletno stran kot so npr. izbrani jezik in podobne nastavitve. Kasneje, ko ponovno odprete isto spletno stran, spletni stre\u017enik po\u0161lje nazaj pi\u0161kotke, ki pripadajo tej strani. To omogo\u010da strani, da prika\u017ee informacije, prilagojene va\u0161im potrebam. Pi\u0161kotki lahko shranjujejo \u0161irok razpon informacij, vklju\u010dno tudi z dolo\u010denim delom osebnih informacij. Te informacije so lahko shranjene edino, \u010de vi to omogo\u010dite \u2013 spletne strani ne morejo dobiti dostopa do informacij, ki jim jih niste zagotovili ter ne morejo dostopati do drugih datotek na va\u0161em ra\u010dunalniku. Pi\u0161kotkov ni mogo\u010de uporabljati za zagon programa ali postavitev virusa na va\u0161 ra\u010dunalnik. Brskanje po na\u0161ih straneh je mo\u017eno tudi brez uporabe pi\u0161kotkov, \u010de je va\u0161 spletni brskalnik tako nastavljen. \u010ce \u017eelite izbrisati ali onemogo\u010diti pi\u0161kotke na svojem ra\u010dunalniku, je potrebno posodobiti nastavitve spletnega brskalnika (informacije o na\u010dinu brisanja in onemogo\u010danja pi\u0161kotkov poi\u0161\u010dite na svojem brskalniku z izbiro menija).<\/p>\n<p>Ta spletna stran uporablja pi\u0161kotke z namenom spremljanja statistike o obiskanosti spletne strani zaradi zbiranja potrebnih informacij o uspe\u0161nosti strani ter obenem uporablja storitev tretje osebe z imenom Google Analytics. Ta spletna stran prav tako uporablja pi\u0161kotke z namenom ogla\u0161evanja izdelkov\/storitev, in sicer na spletni strani, na prikaznih omre\u017ejih in z uporabo ponovnega tr\u017eenja na storitvi Google Analytics. Storitve Google Analytics lahko izklopite za ogla\u0161evanje na prikaznem omre\u017eju in prilagodite oglase za prikazno omre\u017eje Google s pomo\u010djo orodja Nastavitve oglasov. https:\/\/www.google.com\/settings\/ads. Podrobne informacije tretje osebe o tej storitvi kot tudi o mo\u017enostih uporabnikov glede urejanja nastavitev pi\u0161kotkov, ki so za to potrebni, so na voljo na: https:\/\/policies.google.com\/privacy?hl=hr.<\/p>\n<h4>Va\u0161e pravice<\/h4>\n<p>Imate pravico do informacij o obdelavi va\u0161ih osebnih podatkov, preklica privolitve kadar koli, popravka ali dopolnitve va\u0161ih osebnih podatkov, zato da so vedno to\u010dni, brisanja Va\u0161ih osebnih podatkov, ko niso ve\u010d potrebni za zgoraj omenjene namene, prenosa va\u0161ih osebnih podatkov v strukturirani obliki ter vlo\u017eitve ugovora HAMER Tehniki d.o.o. Kukuljanovo, Kukuljanovo 450, 51227 Kukuljanovo na naslov ali po e-mailu na naslov info@hamertehnika.hr ali pa s klicem na \u0161tevilko +385 91 248 0992. Dru\u017eba HAMER Tehnika d.o.o. bo raziskala vse prijavljene incidente, da lahko potrdi, ali je pri\u0161lo do kr\u0161itve za\u0161\u010dite osebnih podatkov ter sprejme vse pravne ukrepe za za\u0161\u010dito osebnih podatkov.<\/p>\n<p>Z uporabo te spletne strani privolite v ta Pravila o zasebnosti, oziroma izrecno privolite v zbiranje in nadaljnjo obdelavo va\u0161ih osebnih podatkov s strani dru\u017ebe HAMER Tehnika d.o.o. tako kot vseh drugih podatkov, s katerimi se le ta seznani z zagotavljanjem svojih storitev v skladu z zakonodajo, in sicer vse v skladu z namenom, ki je opredeljen v teh Pravilih. Prav tako potrjujete, da ste seznanjeni z vsemi pomembnimi podatki o dru\u017ebi HAMER Tehnika d.o.o. ter storitvami, ki jih le ta zagotavlja.<\/p>\n<p><strong>POLITIKA UPORABE PI\u0160KOTKOV (\u00bbCOOKIES\u00ab) NA SPLETNIH STRANEH WWW.HAMERTEHNIKA.HR<\/strong><\/p>\n<p>Zadnja sprememba:<br \/>\n6. 2021<br \/>\nUpravi\u010denost do vlo\u017eitve ugovora pristojnemu organu<br \/>\nV vsakem trenutku lahko vlo\u017eite ugovor neposredno pristojnemu nadzornemu organu: Agencija za za\u0161\u010dito osebnih podatkov (AZOP), Marti\u0107eva 14, Zagreb, kontakt: +385 (0)1 4609 999, azop@azop.hr , <a href=\"http:\/\/www.azop.hr\" target=\"_blank\" rel=\"noopener\">www.azop.hr<\/a>.<\/p>\n<p>&nbsp;<\/p>\n","protected":false},"excerpt":{"rendered":"<p>PRAVILA O ZASEBNOSTI &nbsp; PRAVILA O ZASEBNOSTI \u2013 HAMER Tehnika d.o.o. (\u00bbIzjava\u00ab) HAMER Tehnika d.o.o. zbira in obdeluje osebne podatke uporabnikov svojih storitev, obenem pa posve\u010da posebno pozornost njihovi ustrezni za\u0161\u010diti, zato da opravi\u010di in ohrani va\u0161e zaupanje. Osebni podatek je vsak podatek, ki se nana\u0161a na vas kot fizi\u010dno osebo, na podlagi katerega je &hellip; <a href=\"https:\/\/www.hamertehnika.hr\/sl\/pravila-o-zasebnosti\/\" class=\"more-link\">Continue reading <span class=\"screen-reader-text\">Pravila o zasebnosti<\/span><\/a><\/p>\n","protected":false},"author":1,"featured_media":0,"parent":0,"menu_order":0,"comment_status":"closed","ping_status":"open","template":"","meta":{"_seopress_robots_primary_cat":"","_seopress_titles_title":"","_seopress_titles_desc":"","_seopress_robots_index":"","footnotes":""},"class_list":["post-5175","page","type-page","status-publish","hentry"],"_links":{"self":[{"href":"https:\/\/www.hamertehnika.hr\/sl\/wp-json\/wp\/v2\/pages\/5175","targetHints":{"allow":["GET"]}}],"collection":[{"href":"https:\/\/www.hamertehnika.hr\/sl\/wp-json\/wp\/v2\/pages"}],"about":[{"href":"https:\/\/www.hamertehnika.hr\/sl\/wp-json\/wp\/v2\/types\/page"}],"author":[{"embeddable":true,"href":"https:\/\/www.hamertehnika.hr\/sl\/wp-json\/wp\/v2\/users\/1"}],"replies":[{"embeddable":true,"href":"https:\/\/www.hamertehnika.hr\/sl\/wp-json\/wp\/v2\/comments?post=5175"}],"version-history":[{"count":0,"href":"https:\/\/www.hamertehnika.hr\/sl\/wp-json\/wp\/v2\/pages\/5175\/revisions"}],"wp:attachment":[{"href":"https:\/\/www.hamertehnika.hr\/sl\/wp-json\/wp\/v2\/media?parent=5175"}],"curies":[{"name":"wp","href":"https:\/\/api.w.org\/{rel}","templated":true}]}}