{"id":5156,"date":"2021-11-02T15:53:19","date_gmt":"2021-11-02T14:53:19","guid":{"rendered":"https:\/\/www.hamertehnika.hr\/rashladni-uredaji\/"},"modified":"2021-11-22T19:04:56","modified_gmt":"2021-11-22T18:04:56","slug":"klimatske-naprave","status":"publish","type":"page","link":"https:\/\/www.hamertehnika.hr\/sl\/klimatske-naprave\/","title":{"rendered":"Klimatske naprave"},"content":{"rendered":"<div class=\"wpb-content-wrapper\"><p>[vc_row cmt_bgimagefixed=&#8221;&#8221; css=&#8221;.vc_custom_1629754454357{margin-top: 30px !important;}&#8221;][vc_column]<h2 style=\"text-align:left;\" class=\"cmt-custom-heading \" >Klimatske naprave<\/h2>\n[vc_empty_space height=&#8221;22px&#8221;][\/vc_column][\/vc_row][vc_row cmt_bgimagefixed=&#8221;&#8221;][vc_column]<h3 style=\"text-align:left;\" class=\"cmt-custom-heading \" >Carrier<\/h3>\n[vc_column_text css=&#8221;.vc_custom_1636230266706{margin-bottom: 0px !important;}&#8221;]Carrier Transicold Industries (CT) proizvaja hladilne naprave za tovorna vozila razli\u010dnih kategorij, vklju\u010dno z lahkimi tovornimi vozili, tovornjaki, priklopniki in polpriklopniki, s \u010dimer se zagotovijo kontrolirani pogoji med cestnim prometom. Prednosti te naprave so ni\u017eja cena in kakovost.[\/vc_column_text][vc_empty_space height=&#8221;22px&#8221;][\/vc_column][\/vc_row][vc_row cmt_bgimagefixed=&#8221;&#8221; css=&#8221;.vc_custom_1587042559069{padding-bottom: 0px !important;}&#8221;][vc_column width=&#8221;1\/2&#8243;][vc_single_image image=&#8221;5157&#8243; img_size=&#8221;full&#8221;][\/vc_column][vc_column width=&#8221;1\/2&#8243;][vc_single_image image=&#8221;5158&#8243; img_size=&#8221;full&#8221;][\/vc_column][\/vc_row][vc_row cmt_bgimagefixed=&#8221;&#8221; css=&#8221;.vc_custom_1587042559069{padding-bottom: 0px !important;}&#8221;][vc_column width=&#8221;1\/2&#8243;][vc_single_image image=&#8221;5159&#8243; img_size=&#8221;full&#8221;][\/vc_column][vc_column width=&#8221;1\/2&#8243;][vc_single_image image=&#8221;5160&#8243; img_size=&#8221;full&#8221;][\/vc_column][\/vc_row][vc_row cmt_bgimagefixed=&#8221;&#8221;][vc_column]<h3 style=\"text-align:left;\" class=\"cmt-custom-heading \" >Thermoking<\/h3>\n[vc_column_text css=&#8221;.vc_custom_1636230280834{margin-bottom: 0px !important;}&#8221;]Na\u0161e stranke najpogosteje i\u0161\u010dejo seriji C in V hladilnih naprav, ki jih vgrajujemo v sodelovanju z na\u0161imi partnerji. Serija C je ekonomi\u010dna hladilna naprava za prevoz sve\u017eih izdelkov. V ponudbi so trije modeli hladilnih naprav, uporabljajo pa se za delo v pozitivnih temperaturnih re\u017eimih, in sicer od 0 do 22 \u00b0C. Naprave serije V se pona\u0161ajo z visoko zmogljivostjo in fleksibilnostjo sistema zaradi dodatnih mo\u017enosti naprave kot so ogrevanje, ve\u010dji razpon temperaturnega obmo\u010dja in elektri\u010dni pogon v \u00bbstand-by\u00ab na\u010dinu dela.[\/vc_column_text][vc_empty_space height=&#8221;22px&#8221;][\/vc_column][\/vc_row][vc_row cmt_bgimagefixed=&#8221;&#8221; css=&#8221;.vc_custom_1587042559069{padding-bottom: 0px !important;}&#8221;][vc_column width=&#8221;1\/2&#8243;][vc_single_image image=&#8221;5161&#8243; img_size=&#8221;full&#8221;][\/vc_column][vc_column width=&#8221;1\/2&#8243;][vc_single_image image=&#8221;5162&#8243; img_size=&#8221;full&#8221;][\/vc_column][\/vc_row][vc_row cmt_bgimagefixed=&#8221;&#8221;][vc_column]<h3 style=\"text-align:left;\" class=\"cmt-custom-heading \" >Autoclima<\/h3>\n[vc_column_text css=&#8221;.vc_custom_1636230292855{margin-bottom: 0px !important;}&#8221;]Hladilne naprave so lahko name\u0161\u010dene na streho, pod vozilom ali pa na originalno klimatsko napravo vozila. Z monta\u017eo pod vozilom oziroma na motor zmanj\u0161amo porabo goriva ter raven hrupa med vo\u017enjo. Hladilne naprave, ki so name\u0161\u010dene pod vozilom ali na originalno klimatsko napravo vozila ne vplivajo na vi\u0161ino vozila.<\/p>\n<p>Zna\u010dilnost teh naprav je velika hladilna mo\u010d in cirkulacija zraka skozi komoro ter nizki stro\u0161ki vzdr\u017eevanja.[\/vc_column_text][vc_empty_space height=&#8221;22px&#8221;][\/vc_column][\/vc_row][vc_row cmt_bgimagefixed=&#8221;&#8221; css=&#8221;.vc_custom_1587042559069{padding-bottom: 0px !important;}&#8221;][vc_column width=&#8221;1\/2&#8243;][vc_single_image image=&#8221;5163&#8243; img_size=&#8221;full&#8221;][\/vc_column][vc_column width=&#8221;1\/2&#8243;][vc_single_image image=&#8221;5164&#8243; img_size=&#8221;full&#8221;][\/vc_column][\/vc_row]<\/p>\n<\/div>","protected":false},"excerpt":{"rendered":"<p>[vc_row cmt_bgimagefixed=&#8221;&#8221; css=&#8221;.vc_custom_1629754454357{margin-top: 30px !important;}&#8221;][vc_column][vc_empty_space height=&#8221;22px&#8221;][\/vc_column][\/vc_row][vc_row cmt_bgimagefixed=&#8221;&#8221;][vc_column][vc_column_text css=&#8221;.vc_custom_1636230266706{margin-bottom: 0px !important;}&#8221;]Carrier Transicold Industries (CT) proizvaja hladilne naprave za tovorna vozila razli\u010dnih kategorij, vklju\u010dno z lahkimi tovornimi vozili, tovornjaki, priklopniki in polpriklopniki, s \u010dimer se zagotovijo kontrolirani pogoji med cestnim prometom. Prednosti te naprave so ni\u017eja cena in kakovost.[\/vc_column_text][vc_empty_space height=&#8221;22px&#8221;][\/vc_column][\/vc_row][vc_row cmt_bgimagefixed=&#8221;&#8221; css=&#8221;.vc_custom_1587042559069{padding-bottom: 0px !important;}&#8221;][vc_column width=&#8221;1\/2&#8243;][vc_single_image image=&#8221;5157&#8243; img_size=&#8221;full&#8221;][\/vc_column][vc_column &hellip; <a href=\"https:\/\/www.hamertehnika.hr\/sl\/klimatske-naprave\/\" class=\"more-link\">Continue reading <span class=\"screen-reader-text\">Klimatske naprave<\/span><\/a><\/p>\n","protected":false},"author":1,"featured_media":5158,"parent":0,"menu_order":0,"comment_status":"closed","ping_status":"open","template":"","meta":{"_seopress_robots_primary_cat":"","_seopress_titles_title":"Klimatske naprave - Hamer Tehnika","_seopress_titles_desc":"Rashladni ure\u0111aji mogu biti montirani na krov, ispod vozila ili na originalnu klimu vozila. Monta\u017eom ispod vozila na motor smanjuje se potro\u0161nja goriva. ","_seopress_robots_index":"","footnotes":""},"class_list":["post-5156","page","type-page","status-publish","has-post-thumbnail","hentry"],"_links":{"self":[{"href":"https:\/\/www.hamertehnika.hr\/sl\/wp-json\/wp\/v2\/pages\/5156","targetHints":{"allow":["GET"]}}],"collection":[{"href":"https:\/\/www.hamertehnika.hr\/sl\/wp-json\/wp\/v2\/pages"}],"about":[{"href":"https:\/\/www.hamertehnika.hr\/sl\/wp-json\/wp\/v2\/types\/page"}],"author":[{"embeddable":true,"href":"https:\/\/www.hamertehnika.hr\/sl\/wp-json\/wp\/v2\/users\/1"}],"replies":[{"embeddable":true,"href":"https:\/\/www.hamertehnika.hr\/sl\/wp-json\/wp\/v2\/comments?post=5156"}],"version-history":[{"count":0,"href":"https:\/\/www.hamertehnika.hr\/sl\/wp-json\/wp\/v2\/pages\/5156\/revisions"}],"wp:featuredmedia":[{"embeddable":true,"href":"https:\/\/www.hamertehnika.hr\/sl\/wp-json\/wp\/v2\/media\/5158"}],"wp:attachment":[{"href":"https:\/\/www.hamertehnika.hr\/sl\/wp-json\/wp\/v2\/media?parent=5156"}],"curies":[{"name":"wp","href":"https:\/\/api.w.org\/{rel}","templated":true}]}}