{"id":5150,"date":"2021-11-02T15:50:31","date_gmt":"2021-11-02T14:50:31","guid":{"rendered":"https:\/\/www.hamertehnika.hr\/atp\/"},"modified":"2021-11-06T00:29:47","modified_gmt":"2021-11-05T23:29:47","slug":"atp","status":"publish","type":"page","link":"https:\/\/www.hamertehnika.hr\/sl\/atp\/","title":{"rendered":"ATP"},"content":{"rendered":"<div class=\"wpb-content-wrapper\"><p>[vc_row cmt_bgimagefixed=&#8221;&#8221; css=&#8221;.vc_custom_1587042559069{padding-bottom: 0px !important;}&#8221;][vc_column][vc_single_image image=&#8221;5152&#8243; img_size=&#8221;full&#8221;][\/vc_column][\/vc_row][vc_row cmt_bgimagefixed=&#8221;&#8221;][vc_column]<h3 style=\"text-align:left;\" class=\"cmt-custom-heading \" >ATP \u2013 prevoz pokvarljivih \u017eivil; sporazum in potrdila<\/h3>\n[vc_empty_space height=&#8221;16px&#8221;][vc_column_text css=&#8221;.vc_custom_1636154964156{margin-bottom: 0px !important;}&#8221;]Sporazum ATP oziroma Sporazum o mednarodnem prevozu pokvarljivih \u017eivil in o specialnih vozilih za njihov prevoz je bil podpisan v \u017denevi leta 1970, za\u010del pa je veljati leta 1976. Cilj tega sporazuma je bil izbolj\u0161ati pogoje in ohraniti kakovost hitro pokvarljivih \u017eivil med transportom, zlasti v mednarodni izmenjavi dobrin zaradi izbolj\u0161anja pogojev trgovanja s hitro pokvarljivimi \u017eivili. Na Hrva\u0161kem je certifikat ATP \u0161e vedno neobvezen, vendar ga morate imeti na vozilu, \u010de \u017eelite izva\u017eati v naslednje dr\u017eave: Albanija, Andora, Avstrija, Azerbajd\u017ean, Belorusija, Belgija, Bosna in Hercegovina, Bolgarija, \u010crna Gora, \u010ce\u0161ka republika, Danska, Estonija, Finska, Francija, Gruzija, Gr\u010dija, Hrva\u0161ka, Irska, Italija, Kazahstan, Latvija, Litva, Luksemburg, Mad\u017earska, Moldavija, Monako, Maroko, Nizozemska, Norve\u0161ka, Nem\u010dija, Poljska, Portugalska, Romunija, Rusija, ZDA, Srbija, Slova\u0161ka, Slovenija, \u0160panija, \u0160vedska, Makedonija, Tunizija, Ukrajina, Uzbekistan, Velika Britanija.[\/vc_column_text][vc_empty_space height=&#8221;22px&#8221;][\/vc_column][\/vc_row][vc_row cmt_bgimagefixed=&#8221;&#8221; cmt_responsive_css=&#8221;83634585|colbreak_no|||||||||colbreak_no|||||||0px||colbreak_no||||||||||colbreak_no|||||||||&#8221; css=&#8221;.vc_custom_1620650382724{margin-top: 20px !important;margin-right: 5px !important;margin-left: 5px !important;padding-top: 40px !important;padding-right: 20px !important;padding-left: 20px !important;background-color: #497fcc !important;}&#8221;][vc_column][vc_column_text]<\/p>\n<h4 style=\"text-align: center;\"><strong><span style=\"color: #ffffff;\">Certifikat ATP se dodeljuje, \u010de hladilna komora na vozilu opravi obse\u017ene temperaturne preskuse v poobla\u0161\u010denih preskusnih centrih. Novo potrdilo velja \u0161est let, nato se podalj\u0161a, vsako naslednje podalj\u0161ano potrdilo pa velja dve leti.<\/span><\/strong><\/h4>\n<p>[\/vc_column_text][\/vc_column][\/vc_row]<\/p>\n<\/div>","protected":false},"excerpt":{"rendered":"<p>[vc_row cmt_bgimagefixed=&#8221;&#8221; css=&#8221;.vc_custom_1587042559069{padding-bottom: 0px !important;}&#8221;][vc_column][vc_single_image image=&#8221;5152&#8243; img_size=&#8221;full&#8221;][\/vc_column][\/vc_row][vc_row cmt_bgimagefixed=&#8221;&#8221;][vc_column][vc_empty_space height=&#8221;16px&#8221;][vc_column_text css=&#8221;.vc_custom_1636154964156{margin-bottom: 0px !important;}&#8221;]Sporazum ATP oziroma Sporazum o mednarodnem prevozu pokvarljivih \u017eivil in o specialnih vozilih za njihov prevoz je bil podpisan v \u017denevi leta 1970, za\u010del pa je veljati leta 1976. Cilj tega sporazuma je bil izbolj\u0161ati pogoje in ohraniti kakovost hitro pokvarljivih \u017eivil med transportom, &hellip; <a href=\"https:\/\/www.hamertehnika.hr\/sl\/atp\/\" class=\"more-link\">Continue reading <span class=\"screen-reader-text\">ATP<\/span><\/a><\/p>\n","protected":false},"author":1,"featured_media":0,"parent":0,"menu_order":0,"comment_status":"closed","ping_status":"open","template":"","meta":{"_seopress_robots_primary_cat":"","_seopress_titles_title":"","_seopress_titles_desc":"","_seopress_robots_index":"","footnotes":""},"class_list":["post-5150","page","type-page","status-publish","hentry"],"_links":{"self":[{"href":"https:\/\/www.hamertehnika.hr\/sl\/wp-json\/wp\/v2\/pages\/5150","targetHints":{"allow":["GET"]}}],"collection":[{"href":"https:\/\/www.hamertehnika.hr\/sl\/wp-json\/wp\/v2\/pages"}],"about":[{"href":"https:\/\/www.hamertehnika.hr\/sl\/wp-json\/wp\/v2\/types\/page"}],"author":[{"embeddable":true,"href":"https:\/\/www.hamertehnika.hr\/sl\/wp-json\/wp\/v2\/users\/1"}],"replies":[{"embeddable":true,"href":"https:\/\/www.hamertehnika.hr\/sl\/wp-json\/wp\/v2\/comments?post=5150"}],"version-history":[{"count":0,"href":"https:\/\/www.hamertehnika.hr\/sl\/wp-json\/wp\/v2\/pages\/5150\/revisions"}],"wp:attachment":[{"href":"https:\/\/www.hamertehnika.hr\/sl\/wp-json\/wp\/v2\/media?parent=5150"}],"curies":[{"name":"wp","href":"https:\/\/api.w.org\/{rel}","templated":true}]}}