{"id":5148,"date":"2021-11-02T13:14:20","date_gmt":"2021-11-02T12:14:20","guid":{"rendered":"https:\/\/www.hamertehnika.hr\/kontakt\/"},"modified":"2021-11-22T19:08:54","modified_gmt":"2021-11-22T18:08:54","slug":"kontakt","status":"publish","type":"page","link":"https:\/\/www.hamertehnika.hr\/sl\/kontakt\/","title":{"rendered":"Kontakt"},"content":{"rendered":"<div class=\"wpb-content-wrapper\"><p>[vc_row cmt_bgimage_position=&#8221;right_top&#8221; cmt_bgimagefixed=&#8221;&#8221; break_in_responsive=&#8221;991&#8243; full_width=&#8221;stretch_row&#8221; css=&#8221;.vc_custom_1609826270281{padding-bottom: 90px !important;background-image: url(https:\/\/www.hamertehnika.hr\/wp-content\/uploads\/2020\/10\/cmt-row-bg-07.png?id=3155) !important;background-position: 0 0 !important;background-repeat: no-repeat !important;}&#8221; cmt_responsive_css=&#8221;47336769|colbreak_no|||||||||colbreak_no|||||25px||60px||colbreak_no||||||||||colbreak_no|||||||||&#8221;][vc_column reduce_extra_padding=&#8221;991&#8243; cmt_bgimage_position=&#8221;right_bottom&#8221; width=&#8221;1\/2&#8243; cmt_responsive_css=&#8221;58167996|colbreak_no|||||||||colbreak_no|||||35px||||colbreak_no||||||||||colbreak_no|||||||||&#8221; css=&#8221;.vc_custom_1602501305807{padding-right: 137px !important;}&#8221;]<div class=\"cmt-element-heading-wrapper cmt-sboxheading-inner cmt-sboxelement-align-left cmt-seperator-none cmt-sboxheading-style-vertical \"><section class=\"cmt-sboxvc_cta3-container\"><div class=\"cmt-vc_general cmt-sboxvc_cta3 cmt-sboxcta3-only cmt-sboxvc_cta3-style-classic cmt-sboxvc_cta3-shape-rounded cmt-sboxvc_cta3-align-left cmt-sboxvc_cta3-color-transparent cmt-sboxvc_cta3-icon-size-md cmt-sboxvc_cta3-actions-no cmt-sboxcta3-with-desc\"><div class=\"cmt-vc_cta3_content-container\"><div class=\"cmt-vc_cta3-content\"><header class=\"cmt-vc_cta3-content-header cmt-section-wrapper\"><div class=\"cmt-sboxvc_cta3-headers cmt-section-wrapper-cell\"><h2 style=\"line-height:35px;\" class=\"cmt-custom-heading \" >Kontakt<\/h2>\n<\/div><div class=\"heading-seperator\"><span><\/span><\/div><\/header><div class=\"cmt-sboxcta3-content-wrapper\">\n<h5>\u017delite prejeti ve\u010d informacij o na\u0161ih izdelkih, storitvah in znamki!<\/h5>\n<p><\/div><\/div><\/div><\/div><\/section><\/div> <!-- .cmt-element-heading-wrapper container --> [vc_row_inner css=&#8221;.vc_custom_1602572537757{padding-top: 30px !important;}&#8221; el_class=&#8221;pmargin-8-bottom&#8221;][vc_column_inner]<h2 style=\"text-align:left;font-size:24px;line-height:34px;\" class=\"cmt-custom-heading \" >HAMER Tehnika<\/h2>\n[vc_column_text css=&#8221;.vc_custom_1619452128004{margin-top: -4px !important;}&#8221;]<span style=\"font-size: 16px;\"><strong class=\"cmt-fontweight-semi\">Adresa<\/strong>: Kukuljanovo 450, 51227 Kukuljanovo<\/span><\/p>\n<p><span style=\"font-size: 16px;\"><strong class=\"cmt-fontweight-semi\">Tel<\/strong>: +385 51 709 150<\/span><\/p>\n<p><span style=\"font-size: 16px;\"><strong class=\"cmt-fontweight-semi\">Mob<\/strong>: +385 91 2480 992<\/span><\/p>\n<p><strong class=\"cmt-fontweight-semi\">Email<\/strong>: info@hamertehnika.hr[\/vc_column_text]\r\n\t\t<div class=\"cmt-vc_btn3-container cmt-vc_btn3-inline\"><a class=\"cmt-vc_general cmt-vc_btn3 cmt-vc_btn3-size-md cmt-vc_btn3-shape-square cmt-vc_btn3-style-flat cmt-vc_btn3-weight-no cmt-vc_btn3-icon-left cmt-vc_btn3-color-skincolor\" href=\"https:\/\/www.google.com\/maps\/dir\/\/HAMER+TEHNIKA+D.O.O.,+Kukuljanovo+450,+51223,+%C5%A0krljevo\/data=!4m6!4m5!1m1!4e2!1m2!1m1!1s0x47649f36307841a1:0xb7facd0c72feb4a7?sa=X&#038;ved=2ahUKEwiNgfa41bnvAhVFyhoKHYXIBIgQ48ADMAR6BAgFEDc\" title=\"\" target=\"_blank\"><i class=\"cmt-vc_btn3-icon themifyicon ti-map-alt\"><\/i> Poi\u0161\u010dite navodila - Google maps<\/a><\/div>[\/vc_column_inner][\/vc_row_inner][vc_row_inner css=&#8221;.vc_custom_1602572537757{padding-top: 30px !important;}&#8221; el_class=&#8221;pmargin-8-bottom&#8221;][vc_column_inner]<h2 style=\"text-align:left;font-size:24px;line-height:34px;\" class=\"cmt-custom-heading \" >Delovni \u010das<\/h2>\n[vc_column_text css=&#8221;.vc_custom_1636494273927{margin-top: -4px !important;}&#8221;]<span style=\"font-size: 16px;\"><strong class=\"cmt-fontweight-semi\">Ponedeljek<\/strong>: 08:00 \u2013 16:00<\/span><\/p>\n<p><span style=\"font-size: 16px;\"><strong class=\"cmt-fontweight-semi\">Torek<\/strong>: 08:00 \u2013 16:00<\/span><\/p>\n<p><span style=\"font-size: 16px;\"><strong class=\"cmt-fontweight-semi\">Sreda<\/strong>: 08:00 \u2013 16:00<\/span><\/p>\n<p><span style=\"font-size: 16px;\"><strong class=\"cmt-fontweight-semi\">\u0106etrtek<\/strong>: 08:00 \u2013 16:00<\/span><\/p>\n<p><span style=\"font-size: 16px;\"><strong class=\"cmt-fontweight-semi\">Petek<\/strong>: 08:00 \u2013 16:00<\/span><\/p>\n<p><span style=\"font-size: 16px;\"><strong class=\"cmt-fontweight-semi\">Sobota i nedelja<\/strong>: Zaprto<\/span>[\/vc_column_text][\/vc_column_inner][\/vc_row_inner][vc_row_inner disable_element=&#8221;yes&#8221; css=&#8221;.vc_custom_1618831710725{padding-top: 30px !important;}&#8221; el_class=&#8221;pmargin-8-bottom&#8221;][vc_column_inner][vc_single_image image=&#8221;3112&#8243; img_size=&#8221;full&#8221; css=&#8221;.vc_custom_1609826234160{margin-bottom: 15px !important;}&#8221;]<h2 style=\"text-align:left;font-size:24px;line-height:34px;\" class=\"cmt-custom-heading \" >London<\/h2>\n[vc_column_text css=&#8221;.vc_custom_1602572662056{margin-top: -4px !important;}&#8221;]<\/p>\n<p><span style=\"font-size: 16px;\"><strong class=\"cmt-fontweight-semi\">Address<\/strong>: Unit TAP.E,175 Long Lane,<br \/>\nLondon, SE1 4GT<\/span><\/p>\n<p><span style=\"font-size: 16px;\"><strong class=\"cmt-fontweight-semi\">Call Us On<\/strong>:+1800 200 133<\/span><\/p>\n<p><strong class=\"cmt-fontweight-semi\">Mail Us<\/strong>: info@example.com<\/p>\n<p>[\/vc_column_text][\/vc_column_inner][\/vc_row_inner][vc_row_inner disable_element=&#8221;yes&#8221; css=&#8221;.vc_custom_1618831726111{padding-top: 30px !important;}&#8221; el_class=&#8221;pmargin-8-bottom&#8221;][vc_column_inner][vc_single_image image=&#8221;3248&#8243; img_size=&#8221;full&#8221; css=&#8221;.vc_custom_1609826241165{margin-bottom: 15px !important;}&#8221;]<h2 style=\"text-align:left;font-size:24px;line-height:34px;\" class=\"cmt-custom-heading \" >Dubai<\/h2>\n[vc_column_text css=&#8221;.vc_custom_1602572680341{margin-top: -4px !important;}&#8221;]<\/p>\n<p><span style=\"font-size: 16px;\"><strong class=\"cmt-fontweight-semi\">Address<\/strong>: Unit TAP.E,175 Long Lane,<br \/>\nLondon, SE1 4GT<\/span><\/p>\n<p><span style=\"font-size: 16px;\"><strong class=\"cmt-fontweight-semi\">Call Us On<\/strong>:+1800 200 133<\/span><\/p>\n<p><strong class=\"cmt-fontweight-semi\">Mail Us<\/strong>:info@example.com<\/p>\n<p>[\/vc_column_text]\r\n\t\t<div class=\"cmt-vc_btn3-container cmt-vc_btn3-inline\"><a class=\"cmt-vc_general cmt-vc_btn3 cmt-vc_btn3-size-md cmt-vc_btn3-shape-square cmt-vc_btn3-style-flat cmt-vc_btn3-weight-no cmt-vc_btn3-icon-left cmt-vc_btn3-color-skincolor\" href=\"https:\/\/goo.gl\/maps\/pxwL6DYUwz2NCL2j6\" title=\"\" target=\"_blank\"><i class=\"cmt-vc_btn3-icon themifyicon ti-map-alt\"><\/i> Get Direction On The Map!<\/a><\/div>[\/vc_column_inner][\/vc_row_inner][\/vc_column][vc_column cmt_bgcolor=&#8221;white&#8221; cmt_shadow=&#8221;yes&#8221; width=&#8221;1\/2&#8243; el_class=&#8221;cmt-stickycontact&#8221; cmt_responsive_css=&#8221;44774539|colbreak_no|||||||||colbreak_no|||||30px||||colbreak_no||||||||||colbreak_no|||||||||&#8221;][vc_row_inner css=&#8221;.vc_custom_1602665213478{padding-top: 66px !important;padding-right: 50px !important;padding-bottom: 43px !important;padding-left: 50px !important;}&#8221; cmt_responsive_css=&#8221;48357071|colbreak_no|||||||||colbreak_no|||||||||colbreak_no|||||45px|30px|30px|30px||colbreak_no|||||||||&#8221;][vc_column_inner el_class=&#8221;tm-sticky-form&#8221;]<h2 style=\"text-align:center;font-size:28px;line-height:38px;\" class=\"cmt-custom-heading vc_custom_1620642874125\" ><\/h2>\n\n<div class=\"wpcf7 no-js\" id=\"wpcf7-f5573-o1\" lang=\"sl-SI\" dir=\"ltr\" data-wpcf7-id=\"5573\">\n<div class=\"screen-reader-response\"><p role=\"status\" aria-live=\"polite\" aria-atomic=\"true\"><\/p> <ul><\/ul><\/div>\n<form action=\"\/sl\/wp-json\/wp\/v2\/pages\/5148#wpcf7-f5573-o1\" method=\"post\" class=\"wpcf7-form init\" aria-label=\"Kontaktni obrazec\" novalidate=\"novalidate\" data-status=\"init\">\n<fieldset class=\"hidden-fields-container\"><input type=\"hidden\" name=\"_wpcf7\" value=\"5573\" \/><input type=\"hidden\" name=\"_wpcf7_version\" value=\"6.1.5\" \/><input type=\"hidden\" name=\"_wpcf7_locale\" value=\"sl_SI\" \/><input type=\"hidden\" name=\"_wpcf7_unit_tag\" value=\"wpcf7-f5573-o1\" \/><input type=\"hidden\" name=\"_wpcf7_container_post\" value=\"0\" \/><input type=\"hidden\" name=\"_wpcf7_posted_data_hash\" value=\"\" \/>\n<\/fieldset>\n<p><label> Va\u0161e ime in priimek<br \/>\n<span class=\"wpcf7-form-control-wrap\" data-name=\"your-name\"><input size=\"40\" maxlength=\"400\" class=\"wpcf7-form-control wpcf7-text wpcf7-validates-as-required\" aria-required=\"true\" aria-invalid=\"false\" value=\"\" type=\"text\" name=\"your-name\" \/><\/span> <\/label>\n<\/p>\n<p><label> Podjetje<br \/>\n<span class=\"wpcf7-form-control-wrap\" data-name=\"text-229\"><input size=\"40\" maxlength=\"400\" class=\"wpcf7-form-control wpcf7-text\" aria-invalid=\"false\" value=\"\" type=\"text\" name=\"text-229\" \/><\/span> <\/label>\n<\/p>\n<p><label> E-mail<br \/>\n<span class=\"wpcf7-form-control-wrap\" data-name=\"your-email\"><input size=\"40\" maxlength=\"400\" class=\"wpcf7-form-control wpcf7-email wpcf7-validates-as-required wpcf7-text wpcf7-validates-as-email\" aria-required=\"true\" aria-invalid=\"false\" value=\"\" type=\"email\" name=\"your-email\" \/><\/span> <\/label>\n<\/p>\n<p><label> Ovitek<br \/>\n<span class=\"wpcf7-form-control-wrap\" data-name=\"your-subject\"><input size=\"40\" maxlength=\"400\" class=\"wpcf7-form-control wpcf7-text wpcf7-validates-as-required\" aria-required=\"true\" aria-invalid=\"false\" value=\"\" type=\"text\" name=\"your-subject\" \/><\/span> <\/label>\n<\/p>\n<p><label> Tvoje sporo\u010dilo<br \/>\n<span class=\"wpcf7-form-control-wrap\" data-name=\"your-message\"><textarea cols=\"40\" rows=\"10\" maxlength=\"2000\" class=\"wpcf7-form-control wpcf7-textarea\" aria-invalid=\"false\" name=\"your-message\"><\/textarea><\/span> <\/label>\n<\/p>\n<p><input class=\"wpcf7-form-control wpcf7-submit has-spinner\" type=\"submit\" value=\"Po\u0161lji\" \/>\n<\/p><div class=\"wpcf7-response-output\" aria-hidden=\"true\"><\/div>\n<\/form>\n<\/div>\n[\/vc_column_inner][\/vc_row_inner][\/vc_column][\/vc_row][vc_row cmt_bgcolor=&#8221;darkgrey&#8221; cmt_bgimagefixed=&#8221;&#8221; full_width=&#8221;stretch_row&#8221; css=&#8221;.vc_custom_1620647832867{background-image: url(https:\/\/www.hamertehnika.hr\/wp-content\/uploads\/2021\/05\/line2.jpg?id=4404) !important;background-position: center !important;background-repeat: no-repeat !important;background-size: cover !important;}&#8221; cmt_responsive_css=&#8221;68122429|colbreak_no|||||||||colbreak_no|||||40px||35px||colbreak_no||||||||||colbreak_no|||||||||&#8221;][vc_column cmt_textcolor=&#8221;white&#8221; css=&#8221;.vc_custom_1602500543377{padding-top: 20px !important;padding-bottom: 23px !important;}&#8221;]<h2 style=\"text-align:center;font-size:26px;\" class=\"cmt-custom-heading cmt-fontweight-300 \" >HAMER Tehnika<\/h2>\n<h2 style=\"text-align:center;font-size:47px;\" class=\"cmt-custom-heading cmt-reset-h2-font-responsive \" >Proizvodnja furgonskih in kamionskih izotermi\u010dnih tovornjakov hladilnikov<\/h2>\n[vc_row_inner break_in_responsive=&#8221;991&#8243; css=&#8221;.vc_custom_1608961280952{padding-top: 28px !important;}&#8221; el_class=&#8221;cmt-iconbox-inline767&#8243;][vc_column_inner width=&#8221;1\/4&#8243;][\/vc_column_inner][vc_column_inner width=&#8221;1\/4&#8243; css=&#8221;.vc_custom_1608961523113{border-right-width: 1px !important;border-right-color: rgba(255,255,255,0.1) !important;border-right-style: solid !important;}&#8221; cmt_responsive_css=&#8221;84317919|colbreak_no|||||||||colbreak_no|||||||||colbreak_no||||||||||colbreak_no|||||||||&#8221;]<div class=\"cmt-sbox cmt-sbox-iconalign-left-spacing cmt-sbox-bgcolor-transparent cmt-bgcolor-transparent cmt-sbox-textcolor- cmt-textcolor- cmt-sbox-isize-md cmt-sbox-isize-md cmt-sbox-istyle-none vc_custom_1618832288402 cmt-sbox-heading-only\"><section class=\"cmt-sboxvc_cta3-container\"><div class=\"cmt-vc_general cmt-sboxvc_cta3 cmt-sboxvc_cta3-align-left cmt-sboxvc_cta3-icon-size-md cmt-sboxvc_cta3-icons-left cmt-sboxvc_cta3-actions-no\"><div class=\"cmt-sboxvc_cta3-icons cmt-section-wrapper-cell\"><div class=\"cmt-vc_icon_element cmt-vc_icon_element-outer cmt-vc_icon_element-align-left \"><div class=\"cmt-vc_icon_element-inner  cmt-vc_icon_element-color-skincolor cmt-vc_icon_element-size-md cmt-vc_icon_element-style-none cmt-vc_icon_element-background-color-grey\" ><span class=\"cmt-vc_icon_element-icon fa fa-whatsapp\" ><\/span><\/div><\/div><\/div><div class=\"cmt-vc_cta3_content-container\"><div class=\"cmt-vc_cta3-content\"><div class=\"cmt-vc_cta3-content-header cmt-section-wrapper\"><div class=\"cmt-sboxvc_cta3-headers cmt-section-wrapper-cell\"><h2 class=\"cmt-custom-heading \" >What\u2019s App<\/h2>\n<\/div><\/div><\/div><div class=\"cmt-sboxcta3-desc-btn-wrapper\"><div class=\"cmt-sboxcta3-description\"><div class=\"cmt-sboxcta3-content-wrapper\">\n<p style=\"line-height: 18px;\">+385 91 2480 992<\/p>\n<p><\/div><\/div><\/div><\/div><\/div><\/section><\/div>[\/vc_column_inner][vc_column_inner width=&#8221;1\/3&#8243; css=&#8221;.vc_custom_1608961458521{padding-left: 50px !important;}&#8221; cmt_responsive_css=&#8221;67798885|colbreak_no|||||||||colbreak_no|||||10px|||15px|colbreak_no||||||||||colbreak_no|||||||||&#8221;]<div class=\"cmt-sbox cmt-sbox-iconalign-left-spacing cmt-sbox-bgcolor-transparent cmt-bgcolor-transparent cmt-sbox-textcolor- cmt-textcolor- cmt-sbox-isize-md cmt-sbox-isize-md cmt-sbox-istyle-none vc_custom_1623069783508 cmt-sbox-heading-only\"><section class=\"cmt-sboxvc_cta3-container\"><div class=\"cmt-vc_general cmt-sboxvc_cta3 cmt-sboxvc_cta3-align-left cmt-sboxvc_cta3-icon-size-md cmt-sboxvc_cta3-icons-left cmt-sboxvc_cta3-actions-no\"><div class=\"cmt-sboxvc_cta3-icons cmt-section-wrapper-cell\"><div class=\"cmt-vc_icon_element cmt-vc_icon_element-outer cmt-vc_icon_element-align-left \"><div class=\"cmt-vc_icon_element-inner  cmt-vc_icon_element-color-skincolor cmt-vc_icon_element-size-md cmt-vc_icon_element-style-none cmt-vc_icon_element-background-color-grey\" ><span class=\"cmt-vc_icon_element-icon themifyicon ti-facebook\" ><\/span><\/div><\/div><\/div><div class=\"cmt-vc_cta3_content-container\"><div class=\"cmt-vc_cta3-content\"><div class=\"cmt-vc_cta3-content-header cmt-section-wrapper\"><div class=\"cmt-sboxvc_cta3-headers cmt-section-wrapper-cell\"><h2 class=\"cmt-custom-heading \" >Facebook<\/h2>\n<\/div><\/div><\/div><div class=\"cmt-sboxcta3-desc-btn-wrapper\"><div class=\"cmt-sboxcta3-description\"><div class=\"cmt-sboxcta3-content-wrapper\">\n<p style=\"line-height: 18px;\">@hamertehnika08<\/p>\n<p><\/div><\/div><\/div><\/div><\/div><\/section><\/div>[\/vc_column_inner][vc_column_inner width=&#8221;1\/6&#8243;][\/vc_column_inner][\/vc_row_inner][\/vc_column][\/vc_row][vc_row cmt_bgcolor=&#8221;grey&#8221; cmt_bgimagefixed=&#8221;&#8221; full_width=&#8221;stretch_row&#8221; css=&#8221;.vc_custom_1602594235668{padding-bottom: 60px !important;}&#8221; cmt_responsive_css=&#8221;14521326|colbreak_no|||||||||colbreak_no|||||55px||35px||colbreak_no||||||||||colbreak_no|||||||||&#8221;][vc_column width=&#8221;1\/2&#8243; css=&#8221;.vc_custom_1602501098123{padding-right: 36px !important;}&#8221;]<h2 style=\"text-align:left;font-size:22px;line-height:32px;\" class=\"cmt-custom-heading \" >Kariera<\/h2>\n[vc_column_text css=&#8221;.vc_custom_1636155084380{margin-bottom: 15px !important;}&#8221;]I\u0161\u010dete nova znanja in izku\u0161nje? Ambiciozni ste in bi si \u017eeleli delati v stimulativnem delovnem okolju, kjer lahko uporabite svoje ideje? Po\u0161ljite nam odprto pro\u0161njo in \u017eivljenjepis; predstavite se ne glede na to, ali i\u0161\u010dete prakso, \u0161tudentsko delo, honorarno ali dolgoro\u010dno delo \u2013 z veseljem bomo odgovorili na va\u0161o pro\u0161njo. Obrnite se na nas z elektronskim sporo\u010dilom, klicem ali pa pridite osebno.[\/vc_column_text][\/vc_column][vc_column width=&#8221;1\/2&#8243; css=&#8221;.vc_custom_1602501105261{padding-right: 36px !important;}&#8221;]<h2 style=\"text-align:left;font-size:22px;line-height:32px;\" class=\"cmt-custom-heading \" >Termin<\/h2>\n[vc_column_text css=&#8221;.vc_custom_1636155096266{margin-bottom: 15px !important;}&#8221;]\u0160e vedno se niste odlo\u010dili? \u017delite se popolnoma prepri\u010dati v svojo odlo\u010ditev o nakupu? Rezervirajte svoj termin, pridite na kavo in si oglejte vozila, na katerih trenutno delamo v na\u0161i delavnici. Vpra\u0161ajte vse, kar vas zanima, na\u0161i zaposleni pa bodo poskusili re\u0161iti vse va\u0161e dvome![\/vc_column_text][\/vc_column][\/vc_row][vc_row cmt_bgcolor=&#8221;grey&#8221; cmt_bgimagefixed=&#8221;&#8221; full_width=&#8221;stretch_row&#8221; disable_element=&#8221;yes&#8221; css=&#8221;.vc_custom_1619445163974{padding-bottom: 60px !important;}&#8221; cmt_responsive_css=&#8221;14521326|colbreak_no|||||||||colbreak_no|||||55px||35px||colbreak_no||||||||||colbreak_no|||||||||&#8221;][vc_column width=&#8221;1\/3&#8243; css=&#8221;.vc_custom_1602501098123{padding-right: 36px !important;}&#8221;]<h2 style=\"text-align:left;font-size:22px;line-height:32px;\" class=\"cmt-custom-heading \" >Careers<\/h2>\n[vc_column_text css=&#8221;.vc_custom_1602571098109{margin-bottom: 15px !important;}&#8221;]We are equipped with an updated technical knowledge to serve our customers properly. Our method of application maintains.[\/vc_column_text]\r\n\t\t<div class=\"cmt-vc_btn3-container cmt-vc_btn3-inline\"><a class=\"cmt-vc_general cmt-vc_btn3 cmt-vc_btn3-size-md cmt-vc_btn3-shape-square cmt-vc_btn3-style-text cmt-vc_btn3-weight-no cmt-vc_btn3-icon-right cmt-vc_btn3-color-black\" href=\"#\" title=\"\">See open positions <i class=\"cmt-vc_btn3-icon fa fa-arrow-right\"><\/i><\/a><\/div>[\/vc_column][vc_column width=&#8221;1\/3&#8243; css=&#8221;.vc_custom_1602501105261{padding-right: 36px !important;}&#8221;]<h2 style=\"text-align:left;font-size:22px;line-height:32px;\" class=\"cmt-custom-heading \" >Customers<\/h2>\n[vc_column_text css=&#8221;.vc_custom_1602571129645{margin-bottom: 15px !important;}&#8221;]We are equipped with an updated technical knowledge to serve our customers properly. Our method of application maintains.[\/vc_column_text]\r\n\t\t<div class=\"cmt-vc_btn3-container cmt-vc_btn3-inline\"><a class=\"cmt-vc_general cmt-vc_btn3 cmt-vc_btn3-size-md cmt-vc_btn3-shape-square cmt-vc_btn3-style-text cmt-vc_btn3-weight-no cmt-vc_btn3-icon-right cmt-vc_btn3-color-black\" href=\"#\" title=\"\">See Customer Stories <i class=\"cmt-vc_btn3-icon fa fa-arrow-right\"><\/i><\/a><\/div>[\/vc_column][vc_column width=&#8221;1\/3&#8243; css=&#8221;.vc_custom_1602501111445{padding-right: 36px !important;}&#8221;]<h2 style=\"text-align:left;font-size:22px;line-height:32px;\" class=\"cmt-custom-heading \" >Appointment<\/h2>\n[vc_column_text css=&#8221;.vc_custom_1602571146963{margin-bottom: 15px !important;}&#8221;]We are equipped with an updated technical knowledge to serve our customers properly. Our method of application maintains.[\/vc_column_text]\r\n\t\t<div class=\"cmt-vc_btn3-container cmt-vc_btn3-inline\"><a class=\"cmt-vc_general cmt-vc_btn3 cmt-vc_btn3-size-md cmt-vc_btn3-shape-square cmt-vc_btn3-style-text cmt-vc_btn3-weight-no cmt-vc_btn3-icon-right cmt-vc_btn3-color-black\" href=\"#\" title=\"\">Get In Touch <i class=\"cmt-vc_btn3-icon fa fa-arrow-right\"><\/i><\/a><\/div>[\/vc_column][\/vc_row]<\/p>\n<\/div>","protected":false},"excerpt":{"rendered":"<p>[vc_row cmt_bgimage_position=&#8221;right_top&#8221; cmt_bgimagefixed=&#8221;&#8221; break_in_responsive=&#8221;991&#8243; full_width=&#8221;stretch_row&#8221; css=&#8221;.vc_custom_1609826270281{padding-bottom: 90px !important;background-image: url(https:\/\/www.hamertehnika.hr\/wp-content\/uploads\/2020\/10\/cmt-row-bg-07.png?id=3155) !important;background-position: 0 0 !important;background-repeat: no-repeat !important;}&#8221; cmt_responsive_css=&#8221;47336769|colbreak_no|||||||||colbreak_no|||||25px||60px||colbreak_no||||||||||colbreak_no|||||||||&#8221;][vc_column reduce_extra_padding=&#8221;991&#8243; cmt_bgimage_position=&#8221;right_bottom&#8221; width=&#8221;1\/2&#8243; cmt_responsive_css=&#8221;58167996|colbreak_no|||||||||colbreak_no|||||35px||||colbreak_no||||||||||colbreak_no|||||||||&#8221; css=&#8221;.vc_custom_1602501305807{padding-right: 137px !important;}&#8221;][vc_row_inner css=&#8221;.vc_custom_1602572537757{padding-top: 30px !important;}&#8221; el_class=&#8221;pmargin-8-bottom&#8221;][vc_column_inner][vc_column_text css=&#8221;.vc_custom_1619452128004{margin-top: -4px !important;}&#8221;]Adresa: Kukuljanovo 450, 51227 Kukuljanovo Tel: +385 51 709 150 Mob: +385 91 2480 992 Email: info@hamertehnika.hr[\/vc_column_text][\/vc_column_inner][\/vc_row_inner][vc_row_inner css=&#8221;.vc_custom_1602572537757{padding-top: 30px !important;}&#8221; el_class=&#8221;pmargin-8-bottom&#8221;][vc_column_inner][vc_column_text css=&#8221;.vc_custom_1636494273927{margin-top: -4px !important;}&#8221;]Ponedeljek: 08:00 \u2013 &hellip; <a href=\"https:\/\/www.hamertehnika.hr\/sl\/kontakt\/\" class=\"more-link\">Continue reading <span class=\"screen-reader-text\">Kontakt<\/span><\/a><\/p>\n","protected":false},"author":1,"featured_media":0,"parent":0,"menu_order":0,"comment_status":"closed","ping_status":"closed","template":"","meta":{"_seopress_robots_primary_cat":"","_seopress_titles_title":"Kontakt - Hamer Tehnika","_seopress_titles_desc":"Hamer Tehnika - Kukuljanovo 450, 51227 Kukuljanovo, Tel: +385 51 709 150, Mob: +385 91 2480 992, info@hamertehnika.hr","_seopress_robots_index":"","footnotes":""},"class_list":["post-5148","page","type-page","status-publish","hentry"],"_links":{"self":[{"href":"https:\/\/www.hamertehnika.hr\/sl\/wp-json\/wp\/v2\/pages\/5148","targetHints":{"allow":["GET"]}}],"collection":[{"href":"https:\/\/www.hamertehnika.hr\/sl\/wp-json\/wp\/v2\/pages"}],"about":[{"href":"https:\/\/www.hamertehnika.hr\/sl\/wp-json\/wp\/v2\/types\/page"}],"author":[{"embeddable":true,"href":"https:\/\/www.hamertehnika.hr\/sl\/wp-json\/wp\/v2\/users\/1"}],"replies":[{"embeddable":true,"href":"https:\/\/www.hamertehnika.hr\/sl\/wp-json\/wp\/v2\/comments?post=5148"}],"version-history":[{"count":0,"href":"https:\/\/www.hamertehnika.hr\/sl\/wp-json\/wp\/v2\/pages\/5148\/revisions"}],"wp:attachment":[{"href":"https:\/\/www.hamertehnika.hr\/sl\/wp-json\/wp\/v2\/media?parent=5148"}],"curies":[{"name":"wp","href":"https:\/\/api.w.org\/{rel}","templated":true}]}}